{"id":34329,"date":"2024-10-23T16:56:23","date_gmt":"2024-10-23T16:56:23","guid":{"rendered":"https:\/\/www.ccdr-lvt.pt\/licenciamento-permissoes-certificacoes\/"},"modified":"2024-10-23T16:57:15","modified_gmt":"2024-10-23T16:57:15","slug":"licenciamento-permissoes-certificacoes","status":"publish","type":"page","link":"https:\/\/www.ccdr-lvt.pt\/en\/licenciamento-permissoes-certificacoes\/","title":{"rendered":"Licenciamento, Permiss\u00f5es, Certifica\u00e7\u00f5es"},"content":{"rendered":"\n<div class=\"colored-cards grid grid-cols-2 sm:grid-cols-[repeat(auto-fit,_minmax(11.25rem,_1fr))] lg:grid-cols-4 my-8 gap-1\">\n                            <a class=\"!no-underline bg-white transition-colors p-3 lg:px-4 lg:py-6 bg-none hover:text-white min-h-[11.25rem] lg:min-h-[14.5rem] w-full cursor-pointer flex items-center justify-center\" href=\"https:\/\/www.ccdr-lvt.pt\/\" target=\"_blank\">\n            <h3 class=\"text-sm lg:text-lg font-bold max-w-56 text-center\">Efluente Pecu\u00e1rios &#8211; PGEP<\/h3>\n        <\/a>\n                            <a class=\"!no-underline bg-white transition-colors p-3 lg:px-4 lg:py-6 bg-none hover:text-white min-h-[11.25rem] lg:min-h-[14.5rem] w-full cursor-pointer flex items-center justify-center\" href=\"https:\/\/www.ccdr-lvt.pt\/\" target=\"_blank\">\n            <h3 class=\"text-sm lg:text-lg font-bold max-w-56 text-center\">Licenciamento \u00danico Ambiental (LUA)<\/h3>\n        <\/a>\n                            <a class=\"!no-underline bg-white transition-colors p-3 lg:px-4 lg:py-6 bg-none hover:text-white min-h-[11.25rem] lg:min-h-[14.5rem] w-full cursor-pointer flex items-center justify-center\" href=\"https:\/\/www.ccdr-lvt.pt\/\" target=\"_blank\">\n            <h3 class=\"text-sm lg:text-lg font-bold max-w-56 text-center\">Massas Minerais\/Pedreiras<\/h3>\n        <\/a>\n                            <a class=\"!no-underline bg-white transition-colors p-3 lg:px-4 lg:py-6 bg-none hover:text-white min-h-[11.25rem] lg:min-h-[14.5rem] w-full cursor-pointer flex items-center justify-center\" href=\"https:\/\/www.ccdr-lvt.pt\/\" target=\"_blank\">\n            <h3 class=\"text-sm lg:text-lg font-bold max-w-56 text-center\">Novo Regime de Exerc\u00edcio da Atividade Pecu\u00e1ria (NREAP)<\/h3>\n        <\/a>\n                            <a class=\"!no-underline bg-white transition-colors p-3 lg:px-4 lg:py-6 bg-none hover:text-white min-h-[11.25rem] lg:min-h-[14.5rem] w-full cursor-pointer flex items-center justify-center\" href=\"https:\/\/www.ccdr-lvt.pt\/\" target=\"_blank\">\n            <h3 class=\"text-sm lg:text-lg font-bold max-w-56 text-center\">Res\u00edduos<\/h3>\n        <\/a>\n                            <a class=\"!no-underline bg-white transition-colors p-3 lg:px-4 lg:py-6 bg-none hover:text-white min-h-[11.25rem] lg:min-h-[14.5rem] w-full cursor-pointer flex items-center justify-center\" href=\"https:\/\/ccdr.buzzvel.work\/\" target=\"_blank\" rel=\"noopener\">\n            <h3 class=\"text-sm lg:text-lg font-bold max-w-56 text-center\">RAN REN<\/h3>\n        <\/a>\n                            <a class=\"!no-underline bg-white transition-colors p-3 lg:px-4 lg:py-6 bg-none hover:text-white min-h-[11.25rem] lg:min-h-[14.5rem] w-full cursor-pointer flex items-center justify-center\" href=\"https:\/\/www.ccdr-lvt.pt\/\" target=\"_blank\">\n            <h3 class=\"text-sm lg:text-lg font-bold max-w-56 text-center\">Sistema de Ind\u00fastria Respons\u00e1vel (SIR)<\/h3>\n        <\/a>\n                            <a class=\"!no-underline bg-white transition-colors p-3 lg:px-4 lg:py-6 bg-none hover:text-white min-h-[11.25rem] lg:min-h-[14.5rem] w-full cursor-pointer flex items-center justify-center\" href=\"https:\/\/www.ccdr-lvt.pt\/\" target=\"_blank\">\n            <h3 class=\"text-sm lg:text-lg font-bold max-w-56 text-center\">Valoriza\u00e7\u00e3o Agr\u00edcola de Lamas<\/h3>\n        <\/a>\n                            <a class=\"!no-underline bg-white transition-colors p-3 lg:px-4 lg:py-6 bg-none hover:text-white min-h-[11.25rem] lg:min-h-[14.5rem] w-full cursor-pointer flex items-center justify-center\" href=\"https:\/\/www.ccdr-lvt.pt\/\" target=\"_blank\">\n            <h3 class=\"text-sm lg:text-lg font-bold max-w-56 text-center\">Homologa\u00e7\u00e3o de A\u00e7\u00f5es de Forma\u00e7\u00e3o<\/h3>\n        <\/a>\n                            <a class=\"!no-underline bg-white transition-colors p-3 lg:px-4 lg:py-6 bg-none hover:text-white min-h-[11.25rem] lg:min-h-[14.5rem] w-full cursor-pointer flex items-center justify-center\" href=\"https:\/\/www.ccdr-lvt.pt\/\" target=\"_blank\">\n            <h3 class=\"text-sm lg:text-lg font-bold max-w-56 text-center\">Certifica\u00e7\u00f5es e Habilita\u00e7\u00f5es<\/h3>\n        <\/a>\n    <\/div>\n\n<style>\n    .colored-cards a {\n        color: #FF9712;\n        border: 4px solid #FF9712;\n    }\n\n    .colored-cards a:hover,\n    .colored-cards a:focus {\n        background-color: #FF9712;\n        color: white;\n    }\n<\/style>\n<p><a href=\"https:\/\/ccdr.buzzvel.work\/\" target=\"_blank\" rel=\"noreferrer noopener\"><\/a><\/p>\n","protected":false},"excerpt":{"rendered":"","protected":false},"author":1,"featured_media":0,"parent":0,"menu_order":41,"comment_status":"closed","ping_status":"closed","template":"","meta":{"_acf_changed":false,"footnotes":""},"categories":[],"tags":[],"class_list":["post-34329","page","type-page","status-publish","hentry"],"acf":[],"_links":{"self":[{"href":"https:\/\/www.ccdr-lvt.pt\/en\/wp-json\/wp\/v2\/pages\/34329","targetHints":{"allow":["GET"]}}],"collection":[{"href":"https:\/\/www.ccdr-lvt.pt\/en\/wp-json\/wp\/v2\/pages"}],"about":[{"href":"https:\/\/www.ccdr-lvt.pt\/en\/wp-json\/wp\/v2\/types\/page"}],"author":[{"embeddable":true,"href":"https:\/\/www.ccdr-lvt.pt\/en\/wp-json\/wp\/v2\/users\/1"}],"replies":[{"embeddable":true,"href":"https:\/\/www.ccdr-lvt.pt\/en\/wp-json\/wp\/v2\/comments?post=34329"}],"version-history":[{"count":0,"href":"https:\/\/www.ccdr-lvt.pt\/en\/wp-json\/wp\/v2\/pages\/34329\/revisions"}],"wp:attachment":[{"href":"https:\/\/www.ccdr-lvt.pt\/en\/wp-json\/wp\/v2\/media?parent=34329"}],"wp:term":[{"taxonomy":"category","embeddable":true,"href":"https:\/\/www.ccdr-lvt.pt\/en\/wp-json\/wp\/v2\/categories?post=34329"},{"taxonomy":"post_tag","embeddable":true,"href":"https:\/\/www.ccdr-lvt.pt\/en\/wp-json\/wp\/v2\/tags?post=34329"}],"curies":[{"name":"wp","href":"https:\/\/api.w.org\/{rel}","templated":true}]}}